{"id":18523,"date":"2022-05-18T16:41:35","date_gmt":"2022-05-18T14:41:35","guid":{"rendered":"https:\/\/arvengtraining.com\/?page_id=18523"},"modified":"2023-07-25T11:08:57","modified_gmt":"2023-07-25T09:08:57","slug":"express-courses","status":"publish","type":"page","link":"https:\/\/arvengtraining.com\/en\/express-courses\/","title":{"rendered":"Express Courses &#8211; Heat Exchangers Series"},"content":{"rendered":"<div class=\"wpb-content-wrapper\"><p>[vc_row][vc_column][vc_custom_heading text=&#8221;EXPRESS COURSES&#8221; font_container=&#8221;tag:h2|font_size:50|text_align:center|color:%23333333|line_height:2&#8243; google_fonts=&#8221;font_family:Montserrat%3Aregular%2C700|font_style:700%20bold%20regular%3A700%3Anormal&#8221;][\/vc_column][\/vc_row][vc_row][vc_column][vc_tta_tour title_tag=&#8221;h1&#8243; section_title_tag=&#8221;h1&#8243; style=&#8221;outline&#8221; color=&#8221;white&#8221; spacing=&#8221;35&#8243; gap=&#8221;35&#8243; alignment=&#8221;center&#8221; controls_size=&#8221;xl&#8221; active_section=&#8221;1&#8243; no_fill_content_area=&#8221;true&#8221; css=&#8221;.vc_custom_1652954032081{padding-top: 40px !important;padding-right: 50px !important;padding-left: 50px !important;}&#8221;][vc_tta_section tab_id=&#8221;1648551602250-1482e711-db2a&#8221;][stm_featured_products meta_key=&#8221;tag&#8221; product_tag_id=&#8221;express&#8221; view_type=&#8221;featured_products_list&#8221; per_row=&#8221;4&#8243;][\/vc_tta_section][\/vc_tta_tour][\/vc_column][\/vc_row][vc_row full_width=&#8221;stretch_row&#8221; css=&#8221;.vc_custom_1642690131934{background-color: #eaeaea !important;}&#8221;][vc_column][vc_custom_heading text=&#8221;ONLINE SHOP CERTIFICATES&#8221; font_container=&#8221;tag:h2|font_size:32|text_align:center|line_height:48px&#8221; google_fonts=&#8221;font_family:Montserrat%3Aregular%2C700|font_style:700%20bold%20regular%3A700%3Anormal&#8221; css=&#8221;.vc_custom_1652461134375{margin-top: -10px !important;}&#8221;][stm_color_separator color=&#8221;#df1b29&#8243;][vc_column_text][\/vc_column_text][vc_row_inner][vc_column_inner width=&#8221;1\/5&#8243;][\/vc_column_inner][vc_column_inner width=&#8221;1\/5&#8243; css=&#8221;.vc_custom_1640187814422{margin-left: 60px !important;}&#8221;][vc_single_image image=&#8221;15599&#8243;][\/vc_column_inner][vc_column_inner width=&#8221;1\/5&#8243; css=&#8221;.vc_custom_1640188336360{margin-left: 30px !important;}&#8221;][vc_single_image image=&#8221;15597&#8243; css=&#8221;.vc_custom_1641567599883{padding-right: 20px !important;padding-bottom: 20px !important;}&#8221;][\/vc_column_inner][vc_column_inner width=&#8221;1\/5&#8243;][vc_single_image image=&#8221;15601&#8243;][\/vc_column_inner][vc_column_inner width=&#8221;1\/5&#8243;][\/vc_column_inner][\/vc_row_inner][\/vc_column][\/vc_row][vc_row][vc_column][\/vc_column][\/vc_row]<\/p>\n<\/div>","protected":false},"excerpt":{"rendered":"<p>[vc_row][vc_column][vc_custom_heading text=&#8221;EXPRESS COURSES&#8221; font_container=&#8221;tag:h2|font_size:50|text_align:center|color:%23333333|line_height:2&#8243; google_fonts=&#8221;font_family:Montserrat%3Aregular%2C700|font_style:700%20bold%20regular%3A700%3Anormal&#8221;][\/vc_column][\/vc_row][vc_row][vc_column][vc_tta_tour title_tag=&#8221;h1&#8243; section_title_tag=&#8221;h1&#8243; style=&#8221;outline&#8221; color=&#8221;white&#8221; spacing=&#8221;35&#8243; gap=&#8221;35&#8243; alignment=&#8221;center&#8221; controls_size=&#8221;xl&#8221; active_section=&#8221;1&#8243; no_fill_content_area=&#8221;true&#8221; css=&#8221;.vc_custom_1652954032081{padding-top: 40px !important;padding-right: 50px !important;padding-left: 50px !important;}&#8221;][vc_tta_section tab_id=&#8221;1648551602250-1482e711-db2a&#8221;][stm_featured_products meta_key=&#8221;tag&#8221; product_tag_id=&#8221;express&#8221; view_type=&#8221;featured_products_list&#8221; per_row=&#8221;4&#8243;][\/vc_tta_section][\/vc_tta_tour][\/vc_column][\/vc_row][vc_row full_width=&#8221;stretch_row&#8221; css=&#8221;.vc_custom_1642690131934{background-color: #eaeaea !important;}&#8221;][vc_column][vc_custom_heading text=&#8221;ONLINE SHOP CERTIFICATES&#8221; font_container=&#8221;tag:h2|font_size:32|text_align:center|line_height:48px&#8221; google_fonts=&#8221;font_family:Montserrat%3Aregular%2C700|font_style:700%20bold%20regular%3A700%3Anormal&#8221; css=&#8221;.vc_custom_1652461134375{margin-top: -10px !important;}&#8221;][stm_color_separator color=&#8221;#df1b29&#8243;][vc_column_text][\/vc_column_text][vc_row_inner][vc_column_inner width=&#8221;1\/5&#8243;][\/vc_column_inner][vc_column_inner width=&#8221;1\/5&#8243; css=&#8221;.vc_custom_1640187814422{margin-left: 60px !important;}&#8221;][vc_single_image image=&#8221;15599&#8243;][\/vc_column_inner][vc_column_inner width=&#8221;1\/5&#8243; css=&#8221;.vc_custom_1640188336360{margin-left: 30px !important;}&#8221;][vc_single_image image=&#8221;15597&#8243; css=&#8221;.vc_custom_1641567599883{padding-right: 20px !important;padding-bottom: 20px [&hellip;]<\/p>\n","protected":false},"author":532,"featured_media":10996,"parent":0,"menu_order":0,"comment_status":"closed","ping_status":"closed","template":"","meta":{"footnotes":""},"class_list":["post-18523","page","type-page","status-publish","has-post-thumbnail","hentry"],"yoast_head":"<!-- This site is optimized with the Yoast SEO plugin v27.3 - https:\/\/yoast.com\/product\/yoast-seo-wordpress\/ -->\n<title>Arveng Training &amp; Engineering - Formaci\u00f3n en ingenier\u00eda online\/presencial<\/title>\n<meta name=\"description\" content=\"ARVENG es una empresa dedicada a la formaci\u00f3n y la ingenier\u00eda, din\u00e1mica y enteramente orientada a encontrar soluciones eficientes y rentables para nuestros clientes. Proporcionamos respuestas y soluciones a requerimientos concretos, esforz\u00e1ndonos en conseguir relaciones duraderas y beneficiosas para todos.\" \/>\n<meta name=\"robots\" content=\"index, follow, max-snippet:-1, max-image-preview:large, max-video-preview:-1\" \/>\n<link rel=\"canonical\" href=\"https:\/\/arvengtraining.com\/en\/express-courses\/\" \/>\n<meta property=\"og:locale\" content=\"en_US\" \/>\n<meta property=\"og:type\" content=\"article\" \/>\n<meta property=\"og:title\" content=\"Arveng Training &amp; Engineering - Formaci\u00f3n en ingenier\u00eda online\/presencial\" \/>\n<meta property=\"og:description\" content=\"ARVENG es una empresa dedicada a la formaci\u00f3n y la ingenier\u00eda, din\u00e1mica y enteramente orientada a encontrar soluciones eficientes y rentables para nuestros clientes. Proporcionamos respuestas y soluciones a requerimientos concretos, esforz\u00e1ndonos en conseguir relaciones duraderas y beneficiosas para todos.\" \/>\n<meta property=\"og:url\" content=\"https:\/\/arvengtraining.com\/en\/express-courses\/\" \/>\n<meta property=\"og:site_name\" content=\"Arveng Training &amp; Engineering\" \/>\n<meta property=\"article:publisher\" content=\"https:\/\/www.facebook.com\/ArvengTraining\" \/>\n<meta property=\"article:modified_time\" content=\"2023-07-25T09:08:57+00:00\" \/>\n<meta property=\"og:image\" content=\"https:\/\/arvengtraining.com\/wp-content\/uploads\/2020\/04\/ARVENG-RGB-LOGO-VECTORIAL-2-840x430-1-e1588673301938.jpg\" \/>\n\t<meta property=\"og:image:width\" content=\"750\" \/>\n\t<meta property=\"og:image:height\" content=\"384\" \/>\n\t<meta property=\"og:image:type\" content=\"image\/jpeg\" \/>\n<meta name=\"twitter:card\" content=\"summary_large_image\" \/>\n<meta name=\"twitter:site\" content=\"@ArvengTraining\" \/>\n<meta name=\"twitter:label1\" content=\"Est. reading time\" \/>\n\t<meta name=\"twitter:data1\" content=\"1 minute\" \/>\n<script type=\"application\/ld+json\" class=\"yoast-schema-graph\">{\"@context\":\"https:\\\/\\\/schema.org\",\"@graph\":[{\"@type\":\"WebPage\",\"@id\":\"https:\\\/\\\/arvengtraining.com\\\/en\\\/express-courses\\\/\",\"url\":\"https:\\\/\\\/arvengtraining.com\\\/en\\\/express-courses\\\/\",\"name\":\"Arveng Training & Engineering - Formaci\u00f3n en ingenier\u00eda online\\\/presencial\",\"isPartOf\":{\"@id\":\"https:\\\/\\\/arvengtraining.com\\\/#website\"},\"primaryImageOfPage\":{\"@id\":\"https:\\\/\\\/arvengtraining.com\\\/en\\\/express-courses\\\/#primaryimage\"},\"image\":{\"@id\":\"https:\\\/\\\/arvengtraining.com\\\/en\\\/express-courses\\\/#primaryimage\"},\"thumbnailUrl\":\"https:\\\/\\\/arvengtraining.com\\\/wp-content\\\/uploads\\\/2020\\\/04\\\/ARVENG-RGB-LOGO-VECTORIAL-2-840x430-1-e1588673301938.jpg\",\"datePublished\":\"2022-05-18T14:41:35+00:00\",\"dateModified\":\"2023-07-25T09:08:57+00:00\",\"description\":\"ARVENG es una empresa dedicada a la formaci\u00f3n y la ingenier\u00eda, din\u00e1mica y enteramente orientada a encontrar soluciones eficientes y rentables para nuestros clientes. Proporcionamos respuestas y soluciones a requerimientos concretos, esforz\u00e1ndonos en conseguir relaciones duraderas y beneficiosas para todos.\",\"breadcrumb\":{\"@id\":\"https:\\\/\\\/arvengtraining.com\\\/en\\\/express-courses\\\/#breadcrumb\"},\"inLanguage\":\"en-US\",\"potentialAction\":[{\"@type\":\"ReadAction\",\"target\":[\"https:\\\/\\\/arvengtraining.com\\\/en\\\/express-courses\\\/\"]}]},{\"@type\":\"ImageObject\",\"inLanguage\":\"en-US\",\"@id\":\"https:\\\/\\\/arvengtraining.com\\\/en\\\/express-courses\\\/#primaryimage\",\"url\":\"https:\\\/\\\/arvengtraining.com\\\/wp-content\\\/uploads\\\/2020\\\/04\\\/ARVENG-RGB-LOGO-VECTORIAL-2-840x430-1-e1588673301938.jpg\",\"contentUrl\":\"https:\\\/\\\/arvengtraining.com\\\/wp-content\\\/uploads\\\/2020\\\/04\\\/ARVENG-RGB-LOGO-VECTORIAL-2-840x430-1-e1588673301938.jpg\",\"width\":750,\"height\":384,\"caption\":\"Arveng Training & Engineering\"},{\"@type\":\"BreadcrumbList\",\"@id\":\"https:\\\/\\\/arvengtraining.com\\\/en\\\/express-courses\\\/#breadcrumb\",\"itemListElement\":[{\"@type\":\"ListItem\",\"position\":1,\"name\":\"Portada\",\"item\":\"https:\\\/\\\/arvengtraining.com\\\/en\\\/\"},{\"@type\":\"ListItem\",\"position\":2,\"name\":\"Express Courses &#8211; Heat Exchangers Series\"}]},{\"@type\":\"WebSite\",\"@id\":\"https:\\\/\\\/arvengtraining.com\\\/#website\",\"url\":\"https:\\\/\\\/arvengtraining.com\\\/\",\"name\":\"Arveng Training Engineering | Cursos y Master en Ingenier\u00eda\",\"description\":\"We provide Specialized Training &amp; Engineering Services, answers and solutions for specific requirements.\",\"publisher\":{\"@id\":\"https:\\\/\\\/arvengtraining.com\\\/#organization\"},\"alternateName\":\"Arveng Training & Engineering - Formaci\u00f3n en ingenier\u00eda online\\\/presencial\",\"potentialAction\":[{\"@type\":\"SearchAction\",\"target\":{\"@type\":\"EntryPoint\",\"urlTemplate\":\"https:\\\/\\\/arvengtraining.com\\\/?s={search_term_string}\"},\"query-input\":{\"@type\":\"PropertyValueSpecification\",\"valueRequired\":true,\"valueName\":\"search_term_string\"}}],\"inLanguage\":\"en-US\"},{\"@type\":[\"Organization\",\"Place\"],\"@id\":\"https:\\\/\\\/arvengtraining.com\\\/#organization\",\"name\":\"Arveng Training Engineering | Cursos y Master en Ingenier\u00eda\",\"url\":\"https:\\\/\\\/arvengtraining.com\\\/\",\"logo\":{\"@id\":\"https:\\\/\\\/arvengtraining.com\\\/en\\\/express-courses\\\/#local-main-organization-logo\"},\"image\":{\"@id\":\"https:\\\/\\\/arvengtraining.com\\\/en\\\/express-courses\\\/#local-main-organization-logo\"},\"sameAs\":[\"https:\\\/\\\/www.facebook.com\\\/ArvengTraining\",\"https:\\\/\\\/x.com\\\/ArvengTraining\",\"https:\\\/\\\/www.linkedin.com\\\/in\\\/arvengtraining\\\/\",\"http:\\\/\\\/wwwyoutube.com\\\/ArvengTraining\",\"https:\\\/\\\/www.instagram.com\\\/arveng_training\",\"https:\\\/\\\/www.linkedin.com\\\/company\\\/arvengtraining\\\/\"],\"address\":{\"@id\":\"https:\\\/\\\/arvengtraining.com\\\/en\\\/express-courses\\\/#local-main-place-address\"},\"geo\":{\"@type\":\"GeoCoordinates\",\"latitude\":\"40.488398\",\"longitude\":\"-3.67123715\"},\"telephone\":[\"913 40 88 51\"],\"contactPoint\":{\"@type\":\"ContactPoint\",\"telephone\":\"913408851\",\"email\":\"info@arvenggroup.com\"},\"openingHoursSpecification\":[{\"@type\":\"OpeningHoursSpecification\",\"dayOfWeek\":[\"Monday\",\"Tuesday\",\"Wednesday\",\"Thursday\",\"Friday\"],\"opens\":\"09:00\",\"closes\":\"17:30\"},{\"@type\":\"OpeningHoursSpecification\",\"dayOfWeek\":[\"Saturday\",\"Sunday\"],\"opens\":\"00:00\",\"closes\":\"00:00\"}],\"email\":\"info@arvenggroup.com\",\"vatID\":\"B87794293\"},{\"@type\":\"PostalAddress\",\"@id\":\"https:\\\/\\\/arvengtraining.com\\\/en\\\/express-courses\\\/#local-main-place-address\",\"streetAddress\":\"Av. de Manoteras, 10, edificio b oficina 111, Hortaleza\",\"addressLocality\":\"Madrid\",\"postalCode\":\"28050\",\"addressRegion\":\"Madrid\",\"addressCountry\":\"ES\"},{\"@type\":\"ImageObject\",\"inLanguage\":\"en-US\",\"@id\":\"https:\\\/\\\/arvengtraining.com\\\/en\\\/express-courses\\\/#local-main-organization-logo\",\"url\":\"https:\\\/\\\/arvengtraining.com\\\/wp-content\\\/uploads\\\/2020\\\/04\\\/ARVENG-RGB-LOGO-VECTORIAL-2-840x430-1-e1588673301938.jpg\",\"contentUrl\":\"https:\\\/\\\/arvengtraining.com\\\/wp-content\\\/uploads\\\/2020\\\/04\\\/ARVENG-RGB-LOGO-VECTORIAL-2-840x430-1-e1588673301938.jpg\",\"width\":750,\"height\":384,\"caption\":\"Arveng Training Engineering | Cursos y Master en Ingenier\u00eda\"}]}<\/script>\n<meta name=\"geo.placename\" content=\"Madrid\" \/>\n<meta name=\"geo.position\" content=\"40.488398;-3.67123715\" \/>\n<meta name=\"geo.region\" content=\"Spain\" \/>\n<!-- \/ Yoast SEO plugin. -->","yoast_head_json":{"title":"Arveng Training & Engineering - Formaci\u00f3n en ingenier\u00eda online\/presencial","description":"ARVENG es una empresa dedicada a la formaci\u00f3n y la ingenier\u00eda, din\u00e1mica y enteramente orientada a encontrar soluciones eficientes y rentables para nuestros clientes. Proporcionamos respuestas y soluciones a requerimientos concretos, esforz\u00e1ndonos en conseguir relaciones duraderas y beneficiosas para todos.","robots":{"index":"index","follow":"follow","max-snippet":"max-snippet:-1","max-image-preview":"max-image-preview:large","max-video-preview":"max-video-preview:-1"},"canonical":"https:\/\/arvengtraining.com\/en\/express-courses\/","og_locale":"en_US","og_type":"article","og_title":"Arveng Training & Engineering - Formaci\u00f3n en ingenier\u00eda online\/presencial","og_description":"ARVENG es una empresa dedicada a la formaci\u00f3n y la ingenier\u00eda, din\u00e1mica y enteramente orientada a encontrar soluciones eficientes y rentables para nuestros clientes. Proporcionamos respuestas y soluciones a requerimientos concretos, esforz\u00e1ndonos en conseguir relaciones duraderas y beneficiosas para todos.","og_url":"https:\/\/arvengtraining.com\/en\/express-courses\/","og_site_name":"Arveng Training &amp; Engineering","article_publisher":"https:\/\/www.facebook.com\/ArvengTraining","article_modified_time":"2023-07-25T09:08:57+00:00","og_image":[{"width":750,"height":384,"url":"https:\/\/arvengtraining.com\/wp-content\/uploads\/2020\/04\/ARVENG-RGB-LOGO-VECTORIAL-2-840x430-1-e1588673301938.jpg","type":"image\/jpeg"}],"twitter_card":"summary_large_image","twitter_site":"@ArvengTraining","twitter_misc":{"Est. reading time":"1 minute"},"schema":{"@context":"https:\/\/schema.org","@graph":[{"@type":"WebPage","@id":"https:\/\/arvengtraining.com\/en\/express-courses\/","url":"https:\/\/arvengtraining.com\/en\/express-courses\/","name":"Arveng Training & Engineering - Formaci\u00f3n en ingenier\u00eda online\/presencial","isPartOf":{"@id":"https:\/\/arvengtraining.com\/#website"},"primaryImageOfPage":{"@id":"https:\/\/arvengtraining.com\/en\/express-courses\/#primaryimage"},"image":{"@id":"https:\/\/arvengtraining.com\/en\/express-courses\/#primaryimage"},"thumbnailUrl":"https:\/\/arvengtraining.com\/wp-content\/uploads\/2020\/04\/ARVENG-RGB-LOGO-VECTORIAL-2-840x430-1-e1588673301938.jpg","datePublished":"2022-05-18T14:41:35+00:00","dateModified":"2023-07-25T09:08:57+00:00","description":"ARVENG es una empresa dedicada a la formaci\u00f3n y la ingenier\u00eda, din\u00e1mica y enteramente orientada a encontrar soluciones eficientes y rentables para nuestros clientes. Proporcionamos respuestas y soluciones a requerimientos concretos, esforz\u00e1ndonos en conseguir relaciones duraderas y beneficiosas para todos.","breadcrumb":{"@id":"https:\/\/arvengtraining.com\/en\/express-courses\/#breadcrumb"},"inLanguage":"en-US","potentialAction":[{"@type":"ReadAction","target":["https:\/\/arvengtraining.com\/en\/express-courses\/"]}]},{"@type":"ImageObject","inLanguage":"en-US","@id":"https:\/\/arvengtraining.com\/en\/express-courses\/#primaryimage","url":"https:\/\/arvengtraining.com\/wp-content\/uploads\/2020\/04\/ARVENG-RGB-LOGO-VECTORIAL-2-840x430-1-e1588673301938.jpg","contentUrl":"https:\/\/arvengtraining.com\/wp-content\/uploads\/2020\/04\/ARVENG-RGB-LOGO-VECTORIAL-2-840x430-1-e1588673301938.jpg","width":750,"height":384,"caption":"Arveng Training & Engineering"},{"@type":"BreadcrumbList","@id":"https:\/\/arvengtraining.com\/en\/express-courses\/#breadcrumb","itemListElement":[{"@type":"ListItem","position":1,"name":"Portada","item":"https:\/\/arvengtraining.com\/en\/"},{"@type":"ListItem","position":2,"name":"Express Courses &#8211; Heat Exchangers Series"}]},{"@type":"WebSite","@id":"https:\/\/arvengtraining.com\/#website","url":"https:\/\/arvengtraining.com\/","name":"Arveng Training Engineering | Cursos y Master en Ingenier\u00eda","description":"We provide Specialized Training &amp; Engineering Services, answers and solutions for specific requirements.","publisher":{"@id":"https:\/\/arvengtraining.com\/#organization"},"alternateName":"Arveng Training & Engineering - Formaci\u00f3n en ingenier\u00eda online\/presencial","potentialAction":[{"@type":"SearchAction","target":{"@type":"EntryPoint","urlTemplate":"https:\/\/arvengtraining.com\/?s={search_term_string}"},"query-input":{"@type":"PropertyValueSpecification","valueRequired":true,"valueName":"search_term_string"}}],"inLanguage":"en-US"},{"@type":["Organization","Place"],"@id":"https:\/\/arvengtraining.com\/#organization","name":"Arveng Training Engineering | Cursos y Master en Ingenier\u00eda","url":"https:\/\/arvengtraining.com\/","logo":{"@id":"https:\/\/arvengtraining.com\/en\/express-courses\/#local-main-organization-logo"},"image":{"@id":"https:\/\/arvengtraining.com\/en\/express-courses\/#local-main-organization-logo"},"sameAs":["https:\/\/www.facebook.com\/ArvengTraining","https:\/\/x.com\/ArvengTraining","https:\/\/www.linkedin.com\/in\/arvengtraining\/","http:\/\/wwwyoutube.com\/ArvengTraining","https:\/\/www.instagram.com\/arveng_training","https:\/\/www.linkedin.com\/company\/arvengtraining\/"],"address":{"@id":"https:\/\/arvengtraining.com\/en\/express-courses\/#local-main-place-address"},"geo":{"@type":"GeoCoordinates","latitude":"40.488398","longitude":"-3.67123715"},"telephone":["913 40 88 51"],"contactPoint":{"@type":"ContactPoint","telephone":"913408851","email":"info@arvenggroup.com"},"openingHoursSpecification":[{"@type":"OpeningHoursSpecification","dayOfWeek":["Monday","Tuesday","Wednesday","Thursday","Friday"],"opens":"09:00","closes":"17:30"},{"@type":"OpeningHoursSpecification","dayOfWeek":["Saturday","Sunday"],"opens":"00:00","closes":"00:00"}],"email":"info@arvenggroup.com","vatID":"B87794293"},{"@type":"PostalAddress","@id":"https:\/\/arvengtraining.com\/en\/express-courses\/#local-main-place-address","streetAddress":"Av. de Manoteras, 10, edificio b oficina 111, Hortaleza","addressLocality":"Madrid","postalCode":"28050","addressRegion":"Madrid","addressCountry":"ES"},{"@type":"ImageObject","inLanguage":"en-US","@id":"https:\/\/arvengtraining.com\/en\/express-courses\/#local-main-organization-logo","url":"https:\/\/arvengtraining.com\/wp-content\/uploads\/2020\/04\/ARVENG-RGB-LOGO-VECTORIAL-2-840x430-1-e1588673301938.jpg","contentUrl":"https:\/\/arvengtraining.com\/wp-content\/uploads\/2020\/04\/ARVENG-RGB-LOGO-VECTORIAL-2-840x430-1-e1588673301938.jpg","width":750,"height":384,"caption":"Arveng Training Engineering | Cursos y Master en Ingenier\u00eda"}]},"geo.placename":"Madrid","geo.position":{"lat":"40.488398","long":"-3.67123715"},"geo.region":"Spain"},"_links":{"self":[{"href":"https:\/\/arvengtraining.com\/en\/wp-json\/wp\/v2\/pages\/18523","targetHints":{"allow":["GET"]}}],"collection":[{"href":"https:\/\/arvengtraining.com\/en\/wp-json\/wp\/v2\/pages"}],"about":[{"href":"https:\/\/arvengtraining.com\/en\/wp-json\/wp\/v2\/types\/page"}],"author":[{"embeddable":true,"href":"https:\/\/arvengtraining.com\/en\/wp-json\/wp\/v2\/users\/532"}],"replies":[{"embeddable":true,"href":"https:\/\/arvengtraining.com\/en\/wp-json\/wp\/v2\/comments?post=18523"}],"version-history":[{"count":4,"href":"https:\/\/arvengtraining.com\/en\/wp-json\/wp\/v2\/pages\/18523\/revisions"}],"predecessor-version":[{"id":27991,"href":"https:\/\/arvengtraining.com\/en\/wp-json\/wp\/v2\/pages\/18523\/revisions\/27991"}],"wp:featuredmedia":[{"embeddable":true,"href":"https:\/\/arvengtraining.com\/en\/wp-json\/wp\/v2\/media\/10996"}],"wp:attachment":[{"href":"https:\/\/arvengtraining.com\/en\/wp-json\/wp\/v2\/media?parent=18523"}],"curies":[{"name":"wp","href":"https:\/\/api.w.org\/{rel}","templated":true}]}}